{"id":3435,"date":"2019-09-02T10:16:18","date_gmt":"2019-09-02T08:16:18","guid":{"rendered":"https:\/\/dlmv.dk\/?page_id=3435"},"modified":"2025-08-08T11:46:53","modified_gmt":"2025-08-08T09:46:53","slug":"handelsvilkaar","status":"publish","type":"page","link":"https:\/\/dlmv.dk\/index.php\/handelsvilkaar\/","title":{"rendered":"Handelsvilk\u00e5r"},"content":{"rendered":"\t\t<div data-elementor-type=\"wp-page\" data-elementor-id=\"3435\" class=\"elementor elementor-3435\">\n\t\t\t\t\t\t<section class=\"elementor-section elementor-top-section elementor-element elementor-element-2fe9391c elementor-section-boxed elementor-section-height-default elementor-section-height-default\" data-id=\"2fe9391c\" data-element_type=\"section\">\n\t\t\t\t\t\t<div class=\"elementor-container elementor-column-gap-default\">\n\t\t\t\t\t<div class=\"elementor-column elementor-col-100 elementor-top-column elementor-element elementor-element-4675acff\" data-id=\"4675acff\" data-element_type=\"column\">\n\t\t\t<div class=\"elementor-widget-wrap elementor-element-populated\">\n\t\t\t\t\t\t<div class=\"elementor-element elementor-element-68f8c13b elementor-widget elementor-widget-text-editor\" data-id=\"68f8c13b\" data-element_type=\"widget\" data-widget_type=\"text-editor.default\">\n\t\t\t\t<div class=\"elementor-widget-container\">\n\t\t\t\t\t\t\t\t\t<h1>Handelsvilk\u00e5r\u00a0for medlemskab og\/eller donation til:<\/h1>\n<p><!-- \/wp:heading --><\/p>\n<p><!-- wp:paragraph --><\/p>\n<p><strong>Den Lille Musikskoles Venner<\/strong><br \/>B\u00fclowsvej 10<br \/>1870 Frederiksberg C<br \/>Tlf: +45 30 14 01 23<br \/>CVR: 40612084<\/p>\n<p><!-- \/wp:paragraph --><\/p>\n<p><!-- wp:heading --><\/p>\n<h2>Generelt<\/h2>\n<p><!-- \/wp:heading --><\/p>\n<p><!-- wp:paragraph --><\/p>\n<p>Enhver person over 18 \u00e5r, kan mod betaling af et m\u00e5nedligt kontingent v\u00e6re medlem af Den Lille Musikskoles Venner, kontingentets st\u00f8rrelse er valgfrit, men skal dog v\u00e6re mindst 25 kroner om m\u00e5neden.<\/p>\n<p>Enhver person over 18 \u00e5r, kan donere et valgfrit bel\u00f8b til foreningens arbejde, ved donationen kan der angives et specifikt form\u00e5l, hvis intet andet er angivet, vil foreningens bestyrelse bruge donationen i henhold til foreningens form\u00e5l. Donationer kan gives anonymt hvis det \u00f8nskes.<\/p>\n<p><!-- \/wp:paragraph --><\/p>\n<p><!-- wp:heading --><\/p>\n<h2>Registrering og brugeradgang<\/h2>\n<p><!-- \/wp:heading --><\/p>\n<p><!-- wp:paragraph --><\/p>\n<p>Medlemskab af Den Lille Musikskoles Venner foruds\u00e6tter at der foretages en registrering af navn og mailadresse og et selvvalgt kodeord til at logge ind p\u00e5 Den Lille Musikskoles Venners hjemmeside dlmv.dk.<\/p>\n<p>Medlemmet er ansvarlig for at sikre, at de angivne oplysninger er korrekte p\u00e5 registreringstidspunktet. Ved registrering m\u00e5 brugeren kungive oplysninger vedr\u00f8rende egne betalings- og kreditkort.<\/p>\n<p>Medlemmets loginoplysninger er personlige og m\u00e5 ikke bruges af andre og skal derfor opbevares p\u00e5 et sikkert sted,s\u00e5ledes at andre ikke kan f\u00e5 uberettiget adgang til dem.<\/p>\n<p>Hvis medlemmet f\u00e5r mistanke om ulovlig brug af ens loginoplysninger, skal medlemmet omg\u00e5ende underrette Den Lille MusikskolesVenner via <a href=\"mailto:kontakt@dlmv.dk\">kontakt@dlmv.dk<\/a>\u00a0samt \u00e6ndre sin adgangskode.<\/p>\n<p><!-- \/wp:paragraph --><\/p>\n<p><!-- wp:heading --><\/p>\n<p>\u00a0<\/p>\n<p><!-- \/wp:paragraph --><\/p>\n<p><!-- wp:heading --><\/p>\n<h2>Betaling og Gebyrer<\/h2>\n<p><!-- \/wp:heading --><\/p>\n<p><!-- wp:paragraph --><\/p>\n<p>Til betaling af henholdsvis medlemskontingent og donationer til Den Lille Musikskoles Venner kan v\u00e6lges f\u00f8lgende: Visa, Mastercard, MobilePay eller Bankoverf\u00f8rsel.<\/p>\n<p>Ved brug af kortbetaling benytter Den\u00a0Lille Musikskoles Venner en sikker betalingsserver, der<br \/>krypterer alle oplysninger med SSL-protokol, hvilket betyder dine data er sikre og ikke kan l\u00e6ses af uvedkommende.<\/p>\n<p>Ved brug af MobilePay sendes der betalingsinformation direkte til betalerens MobilePay App, og betalingen godkendes derefter i App\u2019en.<\/p>\n<p>Alle bel\u00f8b p\u00e5 hjemmesiden er i danske kroner inklusiv moms.<\/p>\n<p>Udbyderne af de forskellige betalingsmetoder, har hver deres gebyrer for brugen af deres produkter. Disse gebyrer afholder Den Lille Musikskoles Venner.<\/p>\n<p>Januar 2020 er listen over gebyrer f\u00f8lgende:<\/p>\n<ul>\n<li>Visa\/Dankort, Visa og Visa Electron: 1,25% per transaktion<\/li>\n<li>MasterCard og Maestro: 1,25% per transaktion<\/li>\n<li>MobilePay: 1 krone per transaktion<\/li>\n<\/ul>\n<p><!-- \/wp:paragraph --><\/p>\n<p><!-- wp:heading --><\/p>\n<p><!-- \/wp:paragraph --><\/p>\n<p><!-- wp:heading --><\/p>\n<h2>Fortrydelsesret og udmelding<\/h2>\n<p><!-- \/wp:heading --><\/p>\n<p><!-- wp:paragraph --><\/p>\n<p>Der gives 14 dages fuld returret p\u00e5 medlemskab og\/eller donationer via hjemmesiden.<\/p>\n<p>\u00d8nske om brug af fortrydelsesret, skal sendes p\u00e5 mail <a href=\"mailto:kontakt@dlmv.dk\">kontakt@dlmv.dk<\/a>, hvor der g\u00f8res tydeligt opm\u00e6rksom p\u00e5 dit \u00f8nske om brugen af fortrydelsesret.<\/p>\n<p>Du kan til hver en tid, opsige dit medlemskab af Den Lille Musikskoles Venner.<\/p>\n<p>Hvis dit kontingent betales via Visa\/Dankort, Visa, Visa Electron, Mastercard eller Maestro kan du opsige ved at logge ind p\u00e5 <em>Min profil <\/em>og trykke p\u00e5 <em>Opsig<\/em>. Hvor ved opsigelsen tr\u00e6der i kraft med det samme.<\/p>\n<p><!-- \/wp:paragraph --><\/p>\n<p><!-- wp:heading --><\/p>\n<h2>Kunde- &amp; Privatlivspolitik<\/h2>\n<p><!-- \/wp:heading --><\/p>\n<p><!-- wp:paragraph --><\/p>\n<p>Vi videres\u00e6lger ikke personlige oplysninger og videregiver ikke dinepersonlige oplysninger til andre. Oplysningerne er kun registreret i vores medlemskartotek.<\/p>\n<p>For at du kan v\u00e6re medlem i st\u00f8tteforeningen, Den Lille Musikskoles Venner, skal du opgive f\u00f8lgende:<\/p>\n<ul>\n<li>Navn<\/li>\n<li>Mailadresse<\/li>\n<\/ul>\n<p>Oplysningerne registreres hos Den Lille Musikskoles Venner og opbevares i op til fem \u00e5r efter din sidste aktivitet, hvorefter oplysningerne slettes. Vi opbevarer og transmitterer ikke kundeoplysninger krypteret. Du kan til enhver tid f\u00e5 slettet dine oplysninger.<\/p>\n<p>Kun formanden og de ansatte hos Den Lille Musikskoles Venner har adgang til de oplysninger, der registreres om dig.<\/p>\n<p>Den dataansvarlige i Den Lille Musikskoles Venner er foreningens formand.<\/p>\n<p><!-- \/wp:paragraph --><\/p>\n<p><!-- wp:paragraph --><\/p>\n<p><strong>Cookies<\/strong><\/p>\n<p>P\u00e5 dlmv.dk anvendes cookies med det form\u00e5l at optimere hjemmesiden ogdets funktionalitet, og dermed g\u00f8re bes\u00f8get s\u00e5 nemt som muligt for dig.<\/p>\n<p>Du kan til enhver tid slette cookies fra din computer, se vejledningen p\u00e5 <a href=\"https:\/\/www.thagaard.org\/cookiehandtering\/#_blank\">Webshop Cookies og Privatlivspolitik<\/a><\/p>\n<p><!-- \/wp:paragraph --><\/p>\n<p><!-- wp:paragraph --><\/p>\n<p><strong>Log-statistik<\/strong><\/p>\n<p>Vi bruger en log-statistik p\u00e5 dlmv.dk, hvilket betyder, at etstatistik-system opsamler information, som kan give et statistiskbillede af, hvor mange bes\u00f8gende vi har, hvor de kommer fra og hvor p\u00e5<br \/>websitet det forlades mv.<\/p>\n<p>Logstatistikken anvendes kun med det form\u00e5l at optimere Den Lille Musikskoles Venners hjemmeside.<\/p>\n<p><!-- \/wp:paragraph --><\/p>\n<p><!-- wp:heading --><\/p>\n<p><!-- \/wp:paragraph --><\/p>\t\t\t\t\t\t\t\t<\/div>\n\t\t\t\t<\/div>\n\t\t\t\t\t<\/div>\n\t\t<\/div>\n\t\t\t\t\t<\/div>\n\t\t<\/section>\n\t\t\t\t<\/div>\n\t\t","protected":false},"excerpt":{"rendered":"<p>Handelsvilk\u00e5r\u00a0for medlemskab og\/eller donation til: Den Lille Musikskoles VennerB\u00fclowsvej 101870 Frederiksberg CTlf: +45 30 14 01 23CVR: 40612084 Generelt Enhver person over 18 \u00e5r, kan mod betaling af et m\u00e5nedligt kontingent v\u00e6re medlem af Den Lille Musikskoles Venner, kontingentets st\u00f8rrelse er valgfrit, men skal dog v\u00e6re mindst 25 kroner om m\u00e5neden. Enhver person over 18 [&hellip;]<\/p>\n","protected":false},"author":1,"featured_media":0,"parent":0,"menu_order":0,"comment_status":"closed","ping_status":"closed","template":"","meta":{"footnotes":""},"class_list":["post-3435","page","type-page","status-publish","hentry"],"yoast_head":"<!-- This site is optimized with the Yoast SEO plugin v24.8 - https:\/\/yoast.com\/wordpress\/plugins\/seo\/ -->\n<title>Handelsvilk\u00e5r - Den Lille Musikskoles Venner<\/title>\n<meta name=\"robots\" content=\"index, follow, max-snippet:-1, max-image-preview:large, max-video-preview:-1\" \/>\n<link rel=\"canonical\" href=\"https:\/\/dlmv.dk\/index.php\/handelsvilkaar\/\" \/>\n<meta property=\"og:locale\" content=\"da_DK\" \/>\n<meta property=\"og:type\" content=\"article\" \/>\n<meta property=\"og:title\" content=\"Handelsvilk\u00e5r - Den Lille Musikskoles Venner\" \/>\n<meta property=\"og:description\" content=\"Handelsvilk\u00e5r\u00a0for medlemskab og\/eller donation til: Den Lille Musikskoles VennerB\u00fclowsvej 101870 Frederiksberg CTlf: +45 30 14 01 23CVR: 40612084 Generelt Enhver person over 18 \u00e5r, kan mod betaling af et m\u00e5nedligt kontingent v\u00e6re medlem af Den Lille Musikskoles Venner, kontingentets st\u00f8rrelse er valgfrit, men skal dog v\u00e6re mindst 25 kroner om m\u00e5neden. Enhver person over 18 [&hellip;]\" \/>\n<meta property=\"og:url\" content=\"https:\/\/dlmv.dk\/index.php\/handelsvilkaar\/\" \/>\n<meta property=\"og:site_name\" content=\"Den Lille Musikskoles Venner\" \/>\n<meta property=\"article:modified_time\" content=\"2025-08-08T09:46:53+00:00\" \/>\n<meta name=\"twitter:card\" content=\"summary_large_image\" \/>\n<meta name=\"twitter:label1\" content=\"Estimeret l\u00e6setid\" \/>\n\t<meta name=\"twitter:data1\" content=\"4 minutter\" \/>\n<script type=\"application\/ld+json\" class=\"yoast-schema-graph\">{\"@context\":\"https:\/\/schema.org\",\"@graph\":[{\"@type\":\"WebPage\",\"@id\":\"https:\/\/dlmv.dk\/index.php\/handelsvilkaar\/\",\"url\":\"https:\/\/dlmv.dk\/index.php\/handelsvilkaar\/\",\"name\":\"Handelsvilk\u00e5r - Den Lille Musikskoles Venner\",\"isPartOf\":{\"@id\":\"https:\/\/dlmv.dk\/#website\"},\"datePublished\":\"2019-09-02T08:16:18+00:00\",\"dateModified\":\"2025-08-08T09:46:53+00:00\",\"breadcrumb\":{\"@id\":\"https:\/\/dlmv.dk\/index.php\/handelsvilkaar\/#breadcrumb\"},\"inLanguage\":\"da-DK\",\"potentialAction\":[{\"@type\":\"ReadAction\",\"target\":[\"https:\/\/dlmv.dk\/index.php\/handelsvilkaar\/\"]}]},{\"@type\":\"BreadcrumbList\",\"@id\":\"https:\/\/dlmv.dk\/index.php\/handelsvilkaar\/#breadcrumb\",\"itemListElement\":[{\"@type\":\"ListItem\",\"position\":1,\"name\":\"Home\",\"item\":\"https:\/\/dlmv.dk\/\"},{\"@type\":\"ListItem\",\"position\":2,\"name\":\"Handelsvilk\u00e5r\"}]},{\"@type\":\"WebSite\",\"@id\":\"https:\/\/dlmv.dk\/#website\",\"url\":\"https:\/\/dlmv.dk\/\",\"name\":\"Den Lille Musikskoles Venner\",\"description\":\"St\u00f8tteforening\",\"publisher\":{\"@id\":\"https:\/\/dlmv.dk\/#organization\"},\"potentialAction\":[{\"@type\":\"SearchAction\",\"target\":{\"@type\":\"EntryPoint\",\"urlTemplate\":\"https:\/\/dlmv.dk\/?s={search_term_string}\"},\"query-input\":{\"@type\":\"PropertyValueSpecification\",\"valueRequired\":true,\"valueName\":\"search_term_string\"}}],\"inLanguage\":\"da-DK\"},{\"@type\":\"Organization\",\"@id\":\"https:\/\/dlmv.dk\/#organization\",\"name\":\"Den Lille Musikskoles Venner\",\"url\":\"https:\/\/dlmv.dk\/\",\"logo\":{\"@type\":\"ImageObject\",\"inLanguage\":\"da-DK\",\"@id\":\"https:\/\/dlmv.dk\/#\/schema\/logo\/image\/\",\"url\":\"https:\/\/dlmv.dk\/wp-content\/uploads\/2025\/05\/cropped-DLMV_fullcolour-01-1-scaled-1-1536x1065-1.png\",\"contentUrl\":\"https:\/\/dlmv.dk\/wp-content\/uploads\/2025\/05\/cropped-DLMV_fullcolour-01-1-scaled-1-1536x1065-1.png\",\"width\":1536,\"height\":1065,\"caption\":\"Den Lille Musikskoles Venner\"},\"image\":{\"@id\":\"https:\/\/dlmv.dk\/#\/schema\/logo\/image\/\"}}]}<\/script>\n<!-- \/ Yoast SEO plugin. -->","yoast_head_json":{"title":"Handelsvilk\u00e5r - Den Lille Musikskoles Venner","robots":{"index":"index","follow":"follow","max-snippet":"max-snippet:-1","max-image-preview":"max-image-preview:large","max-video-preview":"max-video-preview:-1"},"canonical":"https:\/\/dlmv.dk\/index.php\/handelsvilkaar\/","og_locale":"da_DK","og_type":"article","og_title":"Handelsvilk\u00e5r - Den Lille Musikskoles Venner","og_description":"Handelsvilk\u00e5r\u00a0for medlemskab og\/eller donation til: Den Lille Musikskoles VennerB\u00fclowsvej 101870 Frederiksberg CTlf: +45 30 14 01 23CVR: 40612084 Generelt Enhver person over 18 \u00e5r, kan mod betaling af et m\u00e5nedligt kontingent v\u00e6re medlem af Den Lille Musikskoles Venner, kontingentets st\u00f8rrelse er valgfrit, men skal dog v\u00e6re mindst 25 kroner om m\u00e5neden. Enhver person over 18 [&hellip;]","og_url":"https:\/\/dlmv.dk\/index.php\/handelsvilkaar\/","og_site_name":"Den Lille Musikskoles Venner","article_modified_time":"2025-08-08T09:46:53+00:00","twitter_card":"summary_large_image","twitter_misc":{"Estimeret l\u00e6setid":"4 minutter"},"schema":{"@context":"https:\/\/schema.org","@graph":[{"@type":"WebPage","@id":"https:\/\/dlmv.dk\/index.php\/handelsvilkaar\/","url":"https:\/\/dlmv.dk\/index.php\/handelsvilkaar\/","name":"Handelsvilk\u00e5r - Den Lille Musikskoles Venner","isPartOf":{"@id":"https:\/\/dlmv.dk\/#website"},"datePublished":"2019-09-02T08:16:18+00:00","dateModified":"2025-08-08T09:46:53+00:00","breadcrumb":{"@id":"https:\/\/dlmv.dk\/index.php\/handelsvilkaar\/#breadcrumb"},"inLanguage":"da-DK","potentialAction":[{"@type":"ReadAction","target":["https:\/\/dlmv.dk\/index.php\/handelsvilkaar\/"]}]},{"@type":"BreadcrumbList","@id":"https:\/\/dlmv.dk\/index.php\/handelsvilkaar\/#breadcrumb","itemListElement":[{"@type":"ListItem","position":1,"name":"Home","item":"https:\/\/dlmv.dk\/"},{"@type":"ListItem","position":2,"name":"Handelsvilk\u00e5r"}]},{"@type":"WebSite","@id":"https:\/\/dlmv.dk\/#website","url":"https:\/\/dlmv.dk\/","name":"Den Lille Musikskoles Venner","description":"St\u00f8tteforening","publisher":{"@id":"https:\/\/dlmv.dk\/#organization"},"potentialAction":[{"@type":"SearchAction","target":{"@type":"EntryPoint","urlTemplate":"https:\/\/dlmv.dk\/?s={search_term_string}"},"query-input":{"@type":"PropertyValueSpecification","valueRequired":true,"valueName":"search_term_string"}}],"inLanguage":"da-DK"},{"@type":"Organization","@id":"https:\/\/dlmv.dk\/#organization","name":"Den Lille Musikskoles Venner","url":"https:\/\/dlmv.dk\/","logo":{"@type":"ImageObject","inLanguage":"da-DK","@id":"https:\/\/dlmv.dk\/#\/schema\/logo\/image\/","url":"https:\/\/dlmv.dk\/wp-content\/uploads\/2025\/05\/cropped-DLMV_fullcolour-01-1-scaled-1-1536x1065-1.png","contentUrl":"https:\/\/dlmv.dk\/wp-content\/uploads\/2025\/05\/cropped-DLMV_fullcolour-01-1-scaled-1-1536x1065-1.png","width":1536,"height":1065,"caption":"Den Lille Musikskoles Venner"},"image":{"@id":"https:\/\/dlmv.dk\/#\/schema\/logo\/image\/"}}]}},"_links":{"self":[{"href":"https:\/\/dlmv.dk\/index.php\/wp-json\/wp\/v2\/pages\/3435","targetHints":{"allow":["GET"]}}],"collection":[{"href":"https:\/\/dlmv.dk\/index.php\/wp-json\/wp\/v2\/pages"}],"about":[{"href":"https:\/\/dlmv.dk\/index.php\/wp-json\/wp\/v2\/types\/page"}],"author":[{"embeddable":true,"href":"https:\/\/dlmv.dk\/index.php\/wp-json\/wp\/v2\/users\/1"}],"replies":[{"embeddable":true,"href":"https:\/\/dlmv.dk\/index.php\/wp-json\/wp\/v2\/comments?post=3435"}],"version-history":[{"count":8,"href":"https:\/\/dlmv.dk\/index.php\/wp-json\/wp\/v2\/pages\/3435\/revisions"}],"predecessor-version":[{"id":21433,"href":"https:\/\/dlmv.dk\/index.php\/wp-json\/wp\/v2\/pages\/3435\/revisions\/21433"}],"wp:attachment":[{"href":"https:\/\/dlmv.dk\/index.php\/wp-json\/wp\/v2\/media?parent=3435"}],"curies":[{"name":"wp","href":"https:\/\/api.w.org\/{rel}","templated":true}]}}